{"id":2,"date":"2015-05-14T22:21:28","date_gmt":"2015-05-14T22:21:28","guid":{"rendered":"http:\/\/qbit.pe\/main\/?page_id=2"},"modified":"2015-09-04T15:05:56","modified_gmt":"2015-09-04T15:05:56","slug":"about-us","status":"publish","type":"page","link":"http:\/\/qbit.pe\/main\/about-us\/","title":{"rendered":"Acerca de Nosotros"},"content":{"rendered":"<body><div id=\"pl-2\" class=\"panel-layout\"><div id=\"pg-2-0\" class=\"panel-grid panel-no-style\"><div id=\"pgc-2-0-0\" class=\"panel-grid-cell\"><div id=\"panel-2-0-0-0\" class=\"so-panel widget widget_black-studio-tinymce widget_black_studio_tinymce panel-first-child\" data-index=\"0\"><div class=\"textwidget\"><p><strong>QBIT Solutions<\/strong>, es una empresa Peruana dedicada a satisfacer las necesidades de sus clientes mediante soluciones inform\u00e1ticas y consultor\u00eda. La base para lograr nuestro objetivo es el conocimiento y experiencia de nuestro equipo de consultores en conjunto con la aplicaci\u00f3n de las mejores pr\u00e1cticas y herramientas del mercado.<br> Contamos con conocimiento y experiencia en distintos est\u00e1ndares de la industria de software y tecnolog\u00edas de la informaci\u00f3n como:<\/p>\n<ul>\n<li>Metodolog\u00edas de desarrollo \u00e1gil de software c\u00f3mo SCRUM y RUP simplificado.<\/li>\n<li>Gesti\u00f3n de Proyectos utilizando el marco del PMI (Project Management Institute).<\/li>\n<li>Alineaci\u00f3n de nuestros procesos de desarrollo de software de acuerdo con el modelo CMMI (CAPABILITY MATURITY MODEL INTEGRATION).<\/li>\n<li>Gobierno de Tecnolog\u00edas de la Informaci\u00f3n utilizando el marco COBIT v5.0.<\/li>\n<li>Sistema de Gesti\u00f3n de la Seguridad de la Informaci\u00f3n aplicando la norma ISO 27001.<\/li>\n<\/ul>\n<blockquote>\n<p>La tarea fundamental que tenemos en QBIT Solutions es el compromiso con los objetivos de nuestros clientes y la satisfacci\u00f3n completa de sus necesidades inform\u00e1ticas.<\/p>\n<\/blockquote>\n<p>\u00a0<\/p>\n<\/div><\/div><div id=\"panel-2-0-0-1\" class=\"so-panel widget widget_sow-button panel-last-child\" data-index=\"1\"><div class=\"so-widget-sow-button so-widget-sow-button-atom-44684b99065f-2\"><div class=\"ow-button-base ow-button-align-left\">\n\t\t\t<a href=\"http:\/\/qbit.pe\/main\/nuestros-servicios\/\" class=\"sowb-button ow-icon-placement-left ow-button-hover\" id=\"btnNuestrosServicios\" title=\"Nuestros Servicios\">\n\t\t<span>\n\t\t\t<span class=\"sow-icon-fontawesome sow-fas\" data-sow-icon=\"\uf187\" style=\"\" aria-hidden=\"true\"><\/span>\n\t\t\tNuestros Servicios\t\t<\/span>\n\t\t\t<\/a>\n\t<\/div>\n<\/div><\/div><\/div><\/div><\/div><\/body>","protected":false},"excerpt":{"rendered":"<p>QBIT Solutions, es una empresa Peruana dedicada a satisfacer las necesidades de sus clientes mediante soluciones inform\u00e1ticas y consultor\u00eda. La base para lograr nuestro objetivo es el conocimiento y experiencia de nuestro equipo de consultores en conjunto con la aplicaci\u00f3n de las mejores pr\u00e1cticas y herramientas del mercado. Contamos con conocimiento y experiencia en distintos [&hellip;]<\/p>\n","protected":false},"author":1,"featured_media":0,"parent":0,"menu_order":2,"comment_status":"open","ping_status":"closed","template":"","meta":{"footnotes":""},"class_list":["post-2","page","type-page","status-publish","czr-hentry"],"jetpack_sharing_enabled":true,"_links":{"self":[{"href":"http:\/\/qbit.pe\/main\/wp-json\/wp\/v2\/pages\/2","targetHints":{"allow":["GET"]}}],"collection":[{"href":"http:\/\/qbit.pe\/main\/wp-json\/wp\/v2\/pages"}],"about":[{"href":"http:\/\/qbit.pe\/main\/wp-json\/wp\/v2\/types\/page"}],"author":[{"embeddable":true,"href":"http:\/\/qbit.pe\/main\/wp-json\/wp\/v2\/users\/1"}],"replies":[{"embeddable":true,"href":"http:\/\/qbit.pe\/main\/wp-json\/wp\/v2\/comments?post=2"}],"version-history":[{"count":1,"href":"http:\/\/qbit.pe\/main\/wp-json\/wp\/v2\/pages\/2\/revisions"}],"predecessor-version":[{"id":35,"href":"http:\/\/qbit.pe\/main\/wp-json\/wp\/v2\/pages\/2\/revisions\/35"}],"wp:attachment":[{"href":"http:\/\/qbit.pe\/main\/wp-json\/wp\/v2\/media?parent=2"}],"curies":[{"name":"wp","href":"https:\/\/api.w.org\/{rel}","templated":true}]}}