{"id":27,"date":"2015-08-25T21:29:37","date_gmt":"2015-08-25T21:29:37","guid":{"rendered":"http:\/\/qbit.pe\/main\/?page_id=27"},"modified":"2015-09-06T12:48:33","modified_gmt":"2015-09-06T12:48:33","slug":"nuestros-servicios","status":"publish","type":"page","link":"http:\/\/qbit.pe\/main\/nuestros-servicios\/","title":{"rendered":"Nuestros Servicios"},"content":{"rendered":"<body><div id=\"pl-27\" class=\"panel-layout\"><div id=\"pg-27-0\" class=\"panel-grid panel-no-style\"><div id=\"pgc-27-0-0\" class=\"panel-grid-cell\"><div id=\"panel-27-0-0-0\" class=\"so-panel widget widget_siteorigin-panels-builder panel-first-child panel-last-child\" data-index=\"0\"><div id=\"pl-w55dce844bfeb5\" class=\"panel-layout\"><div id=\"pg-w55dce844bfeb5-0\" class=\"panel-grid panel-no-style\"><div id=\"pgc-w55dce844bfeb5-0-0\" class=\"panel-grid-cell\"><div id=\"panel-w55dce844bfeb5-0-0-0\" class=\"so-panel widget panel-first-child panel-last-child\" data-index=\"0\"><\/div><\/div><div id=\"pgc-w55dce844bfeb5-0-1\" class=\"panel-grid-cell\"><div id=\"panel-w55dce844bfeb5-0-1-0\" class=\"so-panel widget widget_black-studio-tinymce widget_black_studio_tinymce panel-first-child panel-last-child\" data-index=\"1\"><div class=\"textwidget\"><p>Con el servicio de consultor\u00eda TI, buscamos involucramos con nuestro cliente en su problem\u00e1tica para entender su real necesidad y definimos de manera conjunta las mejores alternativas de soluci\u00f3n y de acuerdo a su presupuesto.<\/p>\n<\/div><\/div><\/div><\/div><div id=\"pg-w55dce844bfeb5-1\" class=\"panel-grid panel-no-style\"><div id=\"pgc-w55dce844bfeb5-1-0\" class=\"panel-grid-cell\"><div id=\"panel-w55dce844bfeb5-1-0-0\" class=\"so-panel widget panel-first-child panel-last-child\" data-index=\"2\"><\/div><\/div><div id=\"pgc-w55dce844bfeb5-1-1\" class=\"panel-grid-cell\"><div id=\"panel-w55dce844bfeb5-1-1-0\" class=\"so-panel widget widget_black-studio-tinymce widget_black_studio_tinymce panel-first-child panel-last-child\" data-index=\"3\"><div class=\"textwidget\"><p>Contamos con un experimentado equipo de trabajo en el desarrollo de software tiene como misi\u00f3n crear valor para su empresa, brindando soluciones de desarrollo, mantenimiento de las aplicaciones y soporte, basados en los est\u00e1ndares internacionales y las buenas pr\u00e1cticas de CMMI, PMBOK, ITIL, PRINCE2.<\/p>\n<\/div><\/div><\/div><\/div><div id=\"pg-w55dce844bfeb5-2\" class=\"panel-grid panel-no-style\"><div id=\"pgc-w55dce844bfeb5-2-0\" class=\"panel-grid-cell\"><div id=\"panel-w55dce844bfeb5-2-0-0\" class=\"so-panel widget panel-first-child panel-last-child\" data-index=\"4\"><\/div><\/div><div id=\"pgc-w55dce844bfeb5-2-1\" class=\"panel-grid-cell\"><div id=\"panel-w55dce844bfeb5-2-1-0\" class=\"so-panel widget widget_black-studio-tinymce widget_black_studio_tinymce panel-first-child panel-last-child\" data-index=\"5\"><div class=\"textwidget\"><p>Nuestro servicio de Outsourcing de profesionales TI le provee los recursos calificados necesarios para desarrollar los m\u00e1s diversos proyectos en materia inform\u00e1tica.<br>\nPara poder ofrecer el mejor servicio, contamos con bases de datos de candidatos por especialidad y contactos en instituciones educativas que nos posibilitan una extensa cobertura del mercado inform\u00e1tico.<br>\nEn cuanto a la selecci\u00f3n de personal aseguramos una cuidadosa evaluaci\u00f3n de las capacidades de los postulantes tanto a nivel personal como en sus habilidades t\u00e9cnicas espec\u00edficas. Nuestra empresa le proporciona los recursos profesionales mejor calificados, necesarios para desarrollar una amplia variedad de proyectos de TI.<\/p>\n<\/div><\/div><\/div><\/div><div id=\"pg-w55dce844bfeb5-3\" class=\"panel-grid panel-no-style\"><div id=\"pgc-w55dce844bfeb5-3-0\" class=\"panel-grid-cell\"><div id=\"panel-w55dce844bfeb5-3-0-0\" class=\"so-panel widget panel-first-child panel-last-child\" data-index=\"6\"><\/div><\/div><div id=\"pgc-w55dce844bfeb5-3-1\" class=\"panel-grid-cell\"><div id=\"panel-w55dce844bfeb5-3-1-0\" class=\"so-panel widget widget_black-studio-tinymce widget_black_studio_tinymce panel-first-child panel-last-child\" data-index=\"7\"><div class=\"textwidget\"><p>Si usted cuenta con un negocio o empresa, o eres un trabajador independiente y a\u00fan no cuentas con tu propia p\u00e1gina web, nuestro equipo de profesionales con amplia experiencia en desarrollo, evaluara sus necesidades y de acuerdo a esto se trabajara el dise\u00f1o m\u00e1s conveniente para el rubro en donde usted se desenvuelva, con lo cual podr\u00e1 tener ventajas tales como:<\/p>\n<p>Mercado global<br>\nAccesibilidad<br>\nCanal de venta<br>\nF\u00e1cil comunicaci\u00f3n<br>\nMantener comunicaci\u00f3n<br>\nRetroalimentaci\u00f3n<br>\nPromoci\u00f3n y publicidad<br>\nComodidad<br>\nM\u00ednima inversi\u00f3n<br>\nBajo costo de manteniendo<\/p>\n<\/div><\/div><\/div><\/div><div id=\"pg-w55dce844bfeb5-4\" class=\"panel-grid panel-no-style\"><div id=\"pgc-w55dce844bfeb5-4-0\" class=\"panel-grid-cell\"><div id=\"panel-w55dce844bfeb5-4-0-0\" class=\"so-panel widget panel-first-child panel-last-child\" data-index=\"8\"><\/div><\/div><div id=\"pgc-w55dce844bfeb5-4-1\" class=\"panel-grid-cell\"><div id=\"panel-w55dce844bfeb5-4-1-0\" class=\"so-panel widget widget_black-studio-tinymce widget_black_studio_tinymce panel-first-child panel-last-child\" data-index=\"9\"><div class=\"textwidget\"><p>Contamos con servicios de soporte para tus diferentes requerimientos, de acuerdo a las necesidades propias de tu empresa, buscando la reducci\u00f3n de costos y mejora en la eficiencia de cada una de las operaciones que se ejecuten.<br>\nBrindamos adem\u00e1s Acuerdos de Servicio (SLA) seg\u00fan las exigencias propias de nuestros clientes dentro de las siguientes plataformas:<br>\n- Microsoft SharePoint (ediciones 2003, 2007,2010 y 2013, en todas sus versiones)<\/p>\n<\/div><\/div><\/div><\/div><\/div><\/div><\/div><\/div><\/div><\/body>","protected":false},"excerpt":{"rendered":"<p>Con el servicio de consultor\u00eda TI, buscamos involucramos con nuestro cliente en su problem\u00e1tica para entender su real necesidad y definimos de manera conjunta las mejores alternativas de soluci\u00f3n y de acuerdo a su presupuesto. Contamos con un experimentado equipo de trabajo en el desarrollo de software tiene como misi\u00f3n crear valor para su empresa, [&hellip;]<\/p>\n","protected":false},"author":1,"featured_media":0,"parent":0,"menu_order":3,"comment_status":"closed","ping_status":"closed","template":"","meta":{"footnotes":""},"class_list":["post-27","page","type-page","status-publish","czr-hentry"],"jetpack_sharing_enabled":true,"_links":{"self":[{"href":"http:\/\/qbit.pe\/main\/wp-json\/wp\/v2\/pages\/27","targetHints":{"allow":["GET"]}}],"collection":[{"href":"http:\/\/qbit.pe\/main\/wp-json\/wp\/v2\/pages"}],"about":[{"href":"http:\/\/qbit.pe\/main\/wp-json\/wp\/v2\/types\/page"}],"author":[{"embeddable":true,"href":"http:\/\/qbit.pe\/main\/wp-json\/wp\/v2\/users\/1"}],"replies":[{"embeddable":true,"href":"http:\/\/qbit.pe\/main\/wp-json\/wp\/v2\/comments?post=27"}],"version-history":[{"count":1,"href":"http:\/\/qbit.pe\/main\/wp-json\/wp\/v2\/pages\/27\/revisions"}],"predecessor-version":[{"id":33,"href":"http:\/\/qbit.pe\/main\/wp-json\/wp\/v2\/pages\/27\/revisions\/33"}],"wp:attachment":[{"href":"http:\/\/qbit.pe\/main\/wp-json\/wp\/v2\/media?parent=27"}],"curies":[{"name":"wp","href":"https:\/\/api.w.org\/{rel}","templated":true}]}}