{"id":52,"date":"2015-09-03T22:39:31","date_gmt":"2015-09-03T22:39:31","guid":{"rendered":"http:\/\/qbit.pe\/main\/?page_id=52"},"modified":"2015-09-04T15:15:37","modified_gmt":"2015-09-04T15:15:37","slug":"inteligencia-de-negocios","status":"publish","type":"page","link":"http:\/\/qbit.pe\/main\/nuestros-servicios\/inteligencia-de-negocios\/","title":{"rendered":"Inteligencia de Negocios (BI)"},"content":{"rendered":"<body><p>Analice y comprenda los datos de su organizaci\u00f3n, tome las decisiones adecuadas, incremente el valor de sus sistemas de informaci\u00f3n, nuestras herramientas de inteligencia de negocios le permitir\u00e1n obtener el m\u00e1ximo provecho de los datos de su organizaci\u00f3n. Contamos con expertos profesionales que le brindar\u00e1n el soporte y la seguridad que necesita.<\/p>\n<\/body>","protected":false},"excerpt":{"rendered":"<p>Analice y comprenda los datos de su organizaci\u00f3n, tome las decisiones adecuadas, incremente el valor de sus sistemas de informaci\u00f3n, nuestras herramientas de inteligencia de negocios le permitir\u00e1n obtener el m\u00e1ximo provecho de los datos de su organizaci\u00f3n. Contamos con expertos profesionales que le brindar\u00e1n el soporte y la seguridad que necesita.<\/p>\n","protected":false},"author":1,"featured_media":60,"parent":27,"menu_order":0,"comment_status":"closed","ping_status":"closed","template":"","meta":{"footnotes":""},"class_list":["post-52","page","type-page","status-publish","has-post-thumbnail","czr-hentry"],"jetpack_sharing_enabled":true,"_links":{"self":[{"href":"http:\/\/qbit.pe\/main\/wp-json\/wp\/v2\/pages\/52","targetHints":{"allow":["GET"]}}],"collection":[{"href":"http:\/\/qbit.pe\/main\/wp-json\/wp\/v2\/pages"}],"about":[{"href":"http:\/\/qbit.pe\/main\/wp-json\/wp\/v2\/types\/page"}],"author":[{"embeddable":true,"href":"http:\/\/qbit.pe\/main\/wp-json\/wp\/v2\/users\/1"}],"replies":[{"embeddable":true,"href":"http:\/\/qbit.pe\/main\/wp-json\/wp\/v2\/comments?post=52"}],"version-history":[{"count":2,"href":"http:\/\/qbit.pe\/main\/wp-json\/wp\/v2\/pages\/52\/revisions"}],"predecessor-version":[{"id":54,"href":"http:\/\/qbit.pe\/main\/wp-json\/wp\/v2\/pages\/52\/revisions\/54"}],"up":[{"embeddable":true,"href":"http:\/\/qbit.pe\/main\/wp-json\/wp\/v2\/pages\/27"}],"wp:featuredmedia":[{"embeddable":true,"href":"http:\/\/qbit.pe\/main\/wp-json\/wp\/v2\/media\/60"}],"wp:attachment":[{"href":"http:\/\/qbit.pe\/main\/wp-json\/wp\/v2\/media?parent=52"}],"curies":[{"name":"wp","href":"https:\/\/api.w.org\/{rel}","templated":true}]}}